{"id":821,"date":"2021-09-26T07:30:17","date_gmt":"2021-09-26T07:30:17","guid":{"rendered":"http:\/\/www.rocasrojas.com\/wordpress\/?page_id=821"},"modified":"2023-02-08T16:26:19","modified_gmt":"2023-02-08T16:26:19","slug":"extra","status":"publish","type":"page","link":"https:\/\/www.rocasrojas.com\/index.php\/extra\/","title":{"rendered":"Extra Service"},"content":{"rendered":"\n<h3 class=\"wp-block-heading\">Kontroll<\/h3>\n\n\n\n<p>Du kan f\u00e5 genomg\u00e5ng av l\u00e4genheten vecko- eller m\u00e5nadsvis de tider du inte \u00e4r p\u00e5 plats. Kontrollen inneb\u00e4r att l\u00e4genhetens funktioner kontrolleras, t.ex.<\/p>\n\n\n\n<div class=\"wp-block-image\"><figure class=\"alignleft is-resized\"><img loading=\"lazy\" decoding=\"async\" src=\"https:\/\/www.rocasrojas.com\/wp-content\/uploads\/2021\/09\/magnifying-glass-34032__480.jpg\" alt=\"\" class=\"wp-image-908\" width=\"55\" height=\"66\" srcset=\"https:\/\/www.rocasrojas.com\/wp-content\/uploads\/2021\/09\/magnifying-glass-34032__480.jpg 401w, https:\/\/www.rocasrojas.com\/wp-content\/uploads\/2021\/09\/magnifying-glass-34032__480-251x300.jpg 251w\" sizes=\"auto, (max-width: 55px) 85vw, 55px\" \/><\/figure><\/div>\n\n\n\n<ul class=\"wp-block-list\"><li>L\u00e5s, d\u00f6rrar och f\u00f6nster<\/li><li>Vatten och avlopp<\/li><li>Insektsangrepp<\/li><\/ul>\n\n\n\n<p>Avgiften beror p\u00e5 omfattningen<\/p>\n\n\n\n<h3 class=\"wp-block-heading\">Reparationer och renoveringar<\/h3>\n\n\n\n<div class=\"wp-block-image\"><figure class=\"alignleft is-resized\"><img loading=\"lazy\" decoding=\"async\" src=\"https:\/\/www.rocasrojas.com\/wp-content\/uploads\/2021\/09\/hammer-28636_1280-1024x974.png\" alt=\"\" class=\"wp-image-904\" width=\"42\" height=\"39\" srcset=\"https:\/\/www.rocasrojas.com\/wp-content\/uploads\/2021\/09\/hammer-28636_1280-1024x974.png 1024w, https:\/\/www.rocasrojas.com\/wp-content\/uploads\/2021\/09\/hammer-28636_1280-300x285.png 300w, https:\/\/www.rocasrojas.com\/wp-content\/uploads\/2021\/09\/hammer-28636_1280-768x731.png 768w, https:\/\/www.rocasrojas.com\/wp-content\/uploads\/2021\/09\/hammer-28636_1280-1200x1142.png 1200w, https:\/\/www.rocasrojas.com\/wp-content\/uploads\/2021\/09\/hammer-28636_1280.png 1280w\" sizes=\"auto, (max-width: 42px) 85vw, 42px\" \/><\/figure><\/div>\n\n\n\n<p>Offertf\u00f6rslag kan l\u00e4mnas av tekniska avdelningen<br><\/p>\n","protected":false},"excerpt":{"rendered":"<p>Kontroll Du kan f\u00e5 genomg\u00e5ng av l\u00e4genheten vecko- eller m\u00e5nadsvis de tider du inte \u00e4r p\u00e5 plats. Kontrollen inneb\u00e4r att l\u00e4genhetens funktioner kontrolleras, t.ex. L\u00e5s, d\u00f6rrar och f\u00f6nster Vatten och avlopp Insektsangrepp Avgiften beror p\u00e5 omfattningen Reparationer och renoveringar Offertf\u00f6rslag kan l\u00e4mnas av tekniska avdelningen<\/p>\n","protected":false},"author":2,"featured_media":0,"parent":0,"menu_order":0,"comment_status":"closed","ping_status":"closed","template":"","meta":{"footnotes":""},"class_list":["post-821","page","type-page","status-publish","hentry"],"_links":{"self":[{"href":"https:\/\/www.rocasrojas.com\/index.php\/wp-json\/wp\/v2\/pages\/821","targetHints":{"allow":["GET"]}}],"collection":[{"href":"https:\/\/www.rocasrojas.com\/index.php\/wp-json\/wp\/v2\/pages"}],"about":[{"href":"https:\/\/www.rocasrojas.com\/index.php\/wp-json\/wp\/v2\/types\/page"}],"author":[{"embeddable":true,"href":"https:\/\/www.rocasrojas.com\/index.php\/wp-json\/wp\/v2\/users\/2"}],"replies":[{"embeddable":true,"href":"https:\/\/www.rocasrojas.com\/index.php\/wp-json\/wp\/v2\/comments?post=821"}],"version-history":[{"count":7,"href":"https:\/\/www.rocasrojas.com\/index.php\/wp-json\/wp\/v2\/pages\/821\/revisions"}],"predecessor-version":[{"id":989,"href":"https:\/\/www.rocasrojas.com\/index.php\/wp-json\/wp\/v2\/pages\/821\/revisions\/989"}],"wp:attachment":[{"href":"https:\/\/www.rocasrojas.com\/index.php\/wp-json\/wp\/v2\/media?parent=821"}],"curies":[{"name":"wp","href":"https:\/\/api.w.org\/{rel}","templated":true}]}}