{"id":818,"date":"2021-09-26T07:29:37","date_gmt":"2021-09-26T07:29:37","guid":{"rendered":"http:\/\/www.rocasrojas.com\/wordpress\/?page_id=818"},"modified":"2021-10-10T11:58:27","modified_gmt":"2021-10-10T11:58:27","slug":"grundservice","status":"publish","type":"page","link":"https:\/\/www.rocasrojas.com\/index.php\/grundservice\/","title":{"rendered":"Grundservice"},"content":{"rendered":"\n<p>Vi f\u00f6rs\u00f6ker att h\u00e5lla en h\u00f6g standard p\u00e5 sk\u00f6tsel av v\u00e5ra gemensamma parker och g\u00e5ngar och tillse att omr\u00e5dets karakt\u00e4r bibeh\u00e5lls. Detta bekostas genom samf\u00e4llighetsavgiften. <\/p>\n\n\n\n<h3 class=\"wp-block-heading\">Reception<\/h3>\n\n\n\n<p>Receptionen \u00e4r bemannad kl 9-13 varje dag under vinterhalv\u00e5ret och glesare under l\u00e5gs\u00e4song. H\u00e4r kan du finna r\u00e5dgivning och hj\u00e4lp om du har fr\u00e5gor eller problem.<\/p>\n\n\n\n<h3 class=\"wp-block-heading\">Administration<\/h3>\n\n\n\n<p>Vi sk\u00f6ter i dag ekonomihantering \u00e5t alla \u00e4gare, ser till att skatter och avgifter betalas i tid. <\/p>\n\n\n\n<h3 class=\"wp-block-heading\">Teknik<\/h3>\n\n\n\n<p>Underh\u00e5ll av byggnader, eln\u00e4t, vattenledningar och avloppssystem. G\u00e5ngstigar, kulvertar och trappor underh\u00e5lls.<\/p>\n\n\n\n<h3 class=\"wp-block-heading\">Vakth\u00e5llning<\/h3>\n\n\n\n<p>Vi har \u00e5ret om vakt som cirkulerar p\u00e5 omr\u00e5det kv\u00e4lls- och nattetid.<\/p>\n\n\n\n<h3 class=\"wp-block-heading\">Parksk\u00f6tsel<\/h3>\n\n\n\n<p>Alla buskar och tr\u00e4d planeras, sk\u00f6ts och vattnas regelbundet genom v\u00e5ra tr\u00e4dg\u00e5rdsm\u00e4stare. <\/p>\n\n\n\n<h3 class=\"wp-block-heading\">Poolsk\u00f6tsel<\/h3>\n\n\n\n<p>V\u00e5ra pooler sk\u00f6ts genom den tekniska avdelningen med renh\u00e5llning, uppv\u00e4rmning och skyddsmatta nattetid f\u00f6r att alltid bibeh\u00e5lla en behaglig temperatur.<br><\/p>\n","protected":false},"excerpt":{"rendered":"<p>Vi f\u00f6rs\u00f6ker att h\u00e5lla en h\u00f6g standard p\u00e5 sk\u00f6tsel av v\u00e5ra gemensamma parker och g\u00e5ngar och tillse att omr\u00e5dets karakt\u00e4r bibeh\u00e5lls. Detta bekostas genom samf\u00e4llighetsavgiften. Reception Receptionen \u00e4r bemannad kl 9-13 varje dag under vinterhalv\u00e5ret och glesare under l\u00e5gs\u00e4song. H\u00e4r kan du finna r\u00e5dgivning och hj\u00e4lp om du har fr\u00e5gor eller problem. Administration Vi sk\u00f6ter &hellip; <a href=\"https:\/\/www.rocasrojas.com\/index.php\/grundservice\/\" class=\"more-link\">Continue reading<span class=\"screen-reader-text\"> &#8220;Grundservice&#8221;<\/span><\/a><\/p>\n","protected":false},"author":2,"featured_media":0,"parent":0,"menu_order":0,"comment_status":"closed","ping_status":"closed","template":"","meta":{"footnotes":""},"class_list":["post-818","page","type-page","status-publish","hentry"],"_links":{"self":[{"href":"https:\/\/www.rocasrojas.com\/index.php\/wp-json\/wp\/v2\/pages\/818","targetHints":{"allow":["GET"]}}],"collection":[{"href":"https:\/\/www.rocasrojas.com\/index.php\/wp-json\/wp\/v2\/pages"}],"about":[{"href":"https:\/\/www.rocasrojas.com\/index.php\/wp-json\/wp\/v2\/types\/page"}],"author":[{"embeddable":true,"href":"https:\/\/www.rocasrojas.com\/index.php\/wp-json\/wp\/v2\/users\/2"}],"replies":[{"embeddable":true,"href":"https:\/\/www.rocasrojas.com\/index.php\/wp-json\/wp\/v2\/comments?post=818"}],"version-history":[{"count":9,"href":"https:\/\/www.rocasrojas.com\/index.php\/wp-json\/wp\/v2\/pages\/818\/revisions"}],"predecessor-version":[{"id":957,"href":"https:\/\/www.rocasrojas.com\/index.php\/wp-json\/wp\/v2\/pages\/818\/revisions\/957"}],"wp:attachment":[{"href":"https:\/\/www.rocasrojas.com\/index.php\/wp-json\/wp\/v2\/media?parent=818"}],"curies":[{"name":"wp","href":"https:\/\/api.w.org\/{rel}","templated":true}]}}