{"id":813,"date":"2021-09-26T07:23:37","date_gmt":"2021-09-26T07:23:37","guid":{"rendered":"http:\/\/www.rocasrojas.com\/wordpress\/?page_id=813"},"modified":"2021-09-30T07:56:39","modified_gmt":"2021-09-30T07:56:39","slug":"organisation","status":"publish","type":"page","link":"https:\/\/www.rocasrojas.com\/index.php\/organisation\/","title":{"rendered":"Organisation"},"content":{"rendered":"\n<p>Anl\u00e4ggningen Rocas Rojas best\u00e5r av fyra bolag\/f\u00f6reningar<\/p>\n\n\n\n<div class=\"wp-block-image\"><figure class=\"alignright\"><img loading=\"lazy\" decoding=\"async\" width=\"300\" height=\"225\" src=\"https:\/\/www.rocasrojas.com\/wp-content\/uploads\/2021\/09\/Bild1-300x225.jpeg\" alt=\"\" class=\"wp-image-659\" srcset=\"https:\/\/www.rocasrojas.com\/wp-content\/uploads\/2021\/09\/Bild1-300x225.jpeg 300w, https:\/\/www.rocasrojas.com\/wp-content\/uploads\/2021\/09\/Bild1.jpeg 720w\" sizes=\"auto, (max-width: 300px) 85vw, 300px\" \/><\/figure><\/div>\n\n\n\n<ul class=\"wp-block-list\"><li><a href=\"https:\/\/www.rocasrojas.com\/index.php\/samfalligheten\/\">Comunidad de Propietarios Rocas Rojas \u2013 Samf\u00e4lligheten Rocas Rojas<\/a><\/li><li><a href=\"https:\/\/www.rocasrojas.com\/index.php\/ff\/\">Fastighets\u00e4garf\u00f6reningen Rocas Rojas<\/a><\/li><li>Rocas Rojas AB<\/li><li>Urbanizacion Rocas Rojas SLU<\/li><\/ul>\n\n\n\n<p>Alla f\u00f6reningarna och bolagen leds av styrelser som v\u00e4ljs p\u00e5 \u00e5rsst\u00e4mmor.<\/p>\n\n\n\n<p>Du kan l\u00e4sa mer om de tv\u00e5 huvudorganisationerna genom l\u00e4nkarna p\u00e5 sidan.<\/p>\n","protected":false},"excerpt":{"rendered":"<p>Anl\u00e4ggningen Rocas Rojas best\u00e5r av fyra bolag\/f\u00f6reningar Comunidad de Propietarios Rocas Rojas \u2013 Samf\u00e4lligheten Rocas Rojas Fastighets\u00e4garf\u00f6reningen Rocas Rojas Rocas Rojas AB Urbanizacion Rocas Rojas SLU Alla f\u00f6reningarna och bolagen leds av styrelser som v\u00e4ljs p\u00e5 \u00e5rsst\u00e4mmor. Du kan l\u00e4sa mer om de tv\u00e5 huvudorganisationerna genom l\u00e4nkarna p\u00e5 sidan.<\/p>\n","protected":false},"author":2,"featured_media":0,"parent":0,"menu_order":0,"comment_status":"closed","ping_status":"closed","template":"","meta":{"footnotes":""},"class_list":["post-813","page","type-page","status-publish","hentry"],"_links":{"self":[{"href":"https:\/\/www.rocasrojas.com\/index.php\/wp-json\/wp\/v2\/pages\/813","targetHints":{"allow":["GET"]}}],"collection":[{"href":"https:\/\/www.rocasrojas.com\/index.php\/wp-json\/wp\/v2\/pages"}],"about":[{"href":"https:\/\/www.rocasrojas.com\/index.php\/wp-json\/wp\/v2\/types\/page"}],"author":[{"embeddable":true,"href":"https:\/\/www.rocasrojas.com\/index.php\/wp-json\/wp\/v2\/users\/2"}],"replies":[{"embeddable":true,"href":"https:\/\/www.rocasrojas.com\/index.php\/wp-json\/wp\/v2\/comments?post=813"}],"version-history":[{"count":14,"href":"https:\/\/www.rocasrojas.com\/index.php\/wp-json\/wp\/v2\/pages\/813\/revisions"}],"predecessor-version":[{"id":928,"href":"https:\/\/www.rocasrojas.com\/index.php\/wp-json\/wp\/v2\/pages\/813\/revisions\/928"}],"wp:attachment":[{"href":"https:\/\/www.rocasrojas.com\/index.php\/wp-json\/wp\/v2\/media?parent=813"}],"curies":[{"name":"wp","href":"https:\/\/api.w.org\/{rel}","templated":true}]}}