{"id":534,"date":"2014-02-19T10:53:55","date_gmt":"2014-02-19T10:53:55","guid":{"rendered":"http:\/\/raybreaker-theme.com\/wpnationimp\/?page_id=534"},"modified":"2021-11-03T07:59:40","modified_gmt":"2021-11-03T07:59:40","slug":"front-page","status":"publish","type":"page","link":"https:\/\/www.rocasrojas.com\/","title":{"rendered":"Rocas Rojas"},"content":{"rendered":"\n<h2 class=\"wp-block-heading\">V\u00e4lkommen<\/h2>\n\n\n\n<p>Detta \u00e4r en hemsida som beskriver Samf\u00e4lligheten Rocas Rojas.<\/p>\n\n\n\n<h3 class=\"wp-block-heading\"><strong>Om Rocas Rojas<\/strong><\/h3>\n\n\n\n<p>Bungalowanl\u00e4ggningen Rocas Rojas uppf\u00f6rdes i San Agustin under \u00e5ren 1969\u20131973 av svenska byggentrepren\u00f6rer. Anl\u00e4ggningen omfattar n\u00e4rmare 400 l\u00e4genheter, lummiga tr\u00e4dg\u00e5rdar, tre uppv\u00e4rmda pooler, en kommersiell fastighet med hyresg\u00e4ster och olika servicebyggnader. Det internationella \u00e4gandet har \u00f6kat men majoriteten av \u00e4garna kommer fortfarande fr\u00e5n Sverige.<\/p>\n\n\n\n<p>Du kan p\u00e5 \u00f6vriga sidor l\u00e4sa mer om anl\u00e4ggningen<\/p>\n","protected":false},"excerpt":{"rendered":"<p>V\u00e4lkommen Detta \u00e4r en hemsida som beskriver Samf\u00e4lligheten Rocas Rojas. Om Rocas Rojas Bungalowanl\u00e4ggningen Rocas Rojas uppf\u00f6rdes i San Agustin under \u00e5ren 1969\u20131973 av svenska byggentrepren\u00f6rer. Anl\u00e4ggningen omfattar n\u00e4rmare 400 l\u00e4genheter, lummiga tr\u00e4dg\u00e5rdar, tre uppv\u00e4rmda pooler, en kommersiell fastighet med hyresg\u00e4ster och olika servicebyggnader. Det internationella \u00e4gandet har \u00f6kat men majoriteten av \u00e4garna kommer fortfarande &hellip; <a href=\"https:\/\/www.rocasrojas.com\/\" class=\"more-link\">Continue reading<span class=\"screen-reader-text\"> &#8220;Rocas Rojas&#8221;<\/span><\/a><\/p>\n","protected":false},"author":1,"featured_media":0,"parent":0,"menu_order":0,"comment_status":"closed","ping_status":"open","template":"","meta":{"footnotes":""},"class_list":["post-534","page","type-page","status-publish","hentry"],"_links":{"self":[{"href":"https:\/\/www.rocasrojas.com\/index.php\/wp-json\/wp\/v2\/pages\/534","targetHints":{"allow":["GET"]}}],"collection":[{"href":"https:\/\/www.rocasrojas.com\/index.php\/wp-json\/wp\/v2\/pages"}],"about":[{"href":"https:\/\/www.rocasrojas.com\/index.php\/wp-json\/wp\/v2\/types\/page"}],"author":[{"embeddable":true,"href":"https:\/\/www.rocasrojas.com\/index.php\/wp-json\/wp\/v2\/users\/1"}],"replies":[{"embeddable":true,"href":"https:\/\/www.rocasrojas.com\/index.php\/wp-json\/wp\/v2\/comments?post=534"}],"version-history":[{"count":21,"href":"https:\/\/www.rocasrojas.com\/index.php\/wp-json\/wp\/v2\/pages\/534\/revisions"}],"predecessor-version":[{"id":967,"href":"https:\/\/www.rocasrojas.com\/index.php\/wp-json\/wp\/v2\/pages\/534\/revisions\/967"}],"wp:attachment":[{"href":"https:\/\/www.rocasrojas.com\/index.php\/wp-json\/wp\/v2\/media?parent=534"}],"curies":[{"name":"wp","href":"https:\/\/api.w.org\/{rel}","templated":true}]}}