{"id":310,"date":"2013-12-23T10:45:13","date_gmt":"2013-12-23T10:45:13","guid":{"rendered":"http:\/\/localhost\/wpnation\/?page_id=310"},"modified":"2023-02-08T16:28:52","modified_gmt":"2023-02-08T16:28:52","slug":"ff","status":"publish","type":"page","link":"https:\/\/www.rocasrojas.com\/index.php\/ff\/","title":{"rendered":"Fastighets\u00e4garf\u00f6reningen"},"content":{"rendered":"\n<p>Fastighets\u00e4garf\u00f6reningen \u00e4r en frivillig sammanslutning av \u00e4gare fr\u00e5n Samf\u00e4lligheten Rocas Rojas.<\/p>\n\n\n\n<p>F\u00f6reningen hanterar genom hel\u00e4gda svenska Rocas Rojas AB det hel\u00e4gda spanska aktiebolaget Rocas Rojas SLU (Urbanizacion Rocas Rojas SLU) som ansvarar f\u00f6r den kommersiella verksamheten p\u00e5 omr\u00e5det<\/p>\n\n\n\n<p>Tidigare bedrev detta bolag \u00e4ven hotellverksamhet, men denna \u00e4r nedlagd sedan 1 januari 2021. Nuvarande uppgift f\u00f6r Rocas Rojas SLU \u00e4r att f\u00f6rvalta de \u00e4gda fastigheterna Centrumbyggnaden, Restaurangh\u00f6jden samt diverse ekonomibyggnader.<\/p>\n\n\n\n<p>Centrumbyggnaden inneh\u00e5ller bland annat v\u00e5r reception, Svenska skolan, restaurang, damfrisering, apotek, matvarubutik samt administration f\u00f6r Clinica Roca.<\/p>\n\n\n\n<p>Restaurangh\u00f6jden best\u00e5r av det r\u00f6da berget som finns bakom om sjukhuset Clinica Roca.<\/p>\n","protected":false},"excerpt":{"rendered":"<p>Fastighets\u00e4garf\u00f6reningen \u00e4r en frivillig sammanslutning av \u00e4gare fr\u00e5n Samf\u00e4lligheten Rocas Rojas. F\u00f6reningen hanterar genom hel\u00e4gda svenska Rocas Rojas AB det hel\u00e4gda spanska aktiebolaget Rocas Rojas SLU (Urbanizacion Rocas Rojas SLU) som ansvarar f\u00f6r den kommersiella verksamheten p\u00e5 omr\u00e5det Tidigare bedrev detta bolag \u00e4ven hotellverksamhet, men denna \u00e4r nedlagd sedan 1 januari 2021. Nuvarande uppgift f\u00f6r &hellip; <a href=\"https:\/\/www.rocasrojas.com\/index.php\/ff\/\" class=\"more-link\">Continue reading<span class=\"screen-reader-text\"> &#8220;Fastighets\u00e4garf\u00f6reningen&#8221;<\/span><\/a><\/p>\n","protected":false},"author":1,"featured_media":0,"parent":0,"menu_order":0,"comment_status":"closed","ping_status":"open","template":"","meta":{"footnotes":""},"class_list":["post-310","page","type-page","status-publish","hentry"],"_links":{"self":[{"href":"https:\/\/www.rocasrojas.com\/index.php\/wp-json\/wp\/v2\/pages\/310","targetHints":{"allow":["GET"]}}],"collection":[{"href":"https:\/\/www.rocasrojas.com\/index.php\/wp-json\/wp\/v2\/pages"}],"about":[{"href":"https:\/\/www.rocasrojas.com\/index.php\/wp-json\/wp\/v2\/types\/page"}],"author":[{"embeddable":true,"href":"https:\/\/www.rocasrojas.com\/index.php\/wp-json\/wp\/v2\/users\/1"}],"replies":[{"embeddable":true,"href":"https:\/\/www.rocasrojas.com\/index.php\/wp-json\/wp\/v2\/comments?post=310"}],"version-history":[{"count":14,"href":"https:\/\/www.rocasrojas.com\/index.php\/wp-json\/wp\/v2\/pages\/310\/revisions"}],"predecessor-version":[{"id":990,"href":"https:\/\/www.rocasrojas.com\/index.php\/wp-json\/wp\/v2\/pages\/310\/revisions\/990"}],"wp:attachment":[{"href":"https:\/\/www.rocasrojas.com\/index.php\/wp-json\/wp\/v2\/media?parent=310"}],"curies":[{"name":"wp","href":"https:\/\/api.w.org\/{rel}","templated":true}]}}