{"id":221,"date":"2013-12-19T09:10:25","date_gmt":"2013-12-19T09:10:25","guid":{"rendered":"http:\/\/localhost\/wpnation\/?page_id=221"},"modified":"2021-10-03T13:58:15","modified_gmt":"2021-10-03T13:58:15","slug":"area","status":"publish","type":"page","link":"https:\/\/www.rocasrojas.com\/index.php\/area\/","title":{"rendered":"Omr\u00e5det"},"content":{"rendered":"\n<p>Samf\u00e4lligheten Rocas Rojas \u00e4r en bungalowanl\u00e4ggning med 393 l\u00e4genheter i sj\u00e4lvhush\u00e5ll som ligger i San Agustin p\u00e5 s\u00f6dra delen av Gran Canaria. V\u00e5ra bungalows best\u00e5r av en eller tv\u00e5 l\u00e4genheter i varje hus.<br>I anslutning till l\u00e4genheterna finns det flera uppv\u00e4rmda pooler och barnpooler.<\/p>\n\n\n\n<p>Omr\u00e5det har utsikt \u00f6ver San Agustin och Atlanten och ligger i ett lugnt och lummigt parkomr\u00e5de med tr\u00e4dg\u00e5rdar, palmer, blommor och vackra promenadv\u00e4gar.<\/p>\n\n\n\n<p>I omedelbar anslutning ligger Svenska skolan, Svenska kyrkan, rehabiliteringscentret Svenska Re och sjukhuset Clinica Roca<\/p>\n\n\n\n<p>I n\u00e4rheten av centrumbyggnaden hittar du \u00e4ven bussh\u00e5llplatser till alla omgivande samh\u00e4llen samt flygplatsen och Las Palmas.                                                                                      <\/p>\n\n\n\n<p>P\u00e5 fem minuter g\u00e5r du ned till sandstranden i San Agustin d\u00e4r du ocks\u00e5 m\u00f6ts av den \u00e5tta km l\u00e5nga strandpromenaden till Playa Ingles och Maspalomas. N\u00e4rmaste shoppingcenter hittar du p\u00e5 tio minuters g\u00e5ngavst\u00e5nd.<\/p>\n\n\n\n<p>Playa del Ingles, Maspalomas och Meloneras fantastiska strandpromenader med restauranger och f\u00f6rstklassig shopping n\u00e5r du p\u00e5 fem minuter med bil eller taxi. Till flygplatsen kommer du p\u00e5 30 minuter och huvudstaden Las Palmas p\u00e5 50 minuter.<\/p>\n\n\n\n<h4 class=\"wp-block-heading\">Sommar och vinter p\u00e5 Gran Canaria.<\/h4>\n\n\n\n<p>Sommarhalv\u00e5ret \u00e4r en bra tid att bes\u00f6ka Gran Canaria. D\u00e5 \u00e4r det 25-30 grader varmt, varmt i vattnet och med torr luft, till skillnad fr\u00e5n de stekheta resm\u00e5len vid Medelhavet. Du som \u00e4r golfspelare hittar fem h\u00f6gklassiga 18-h\u00e5lsbanor inom 20 minuters bilresa fr\u00e5n Rocas Rojas.<\/p>\n\n\n\n<div class=\"wp-block-image\"><figure class=\"alignleft is-resized\"><img loading=\"lazy\" decoding=\"async\" src=\"https:\/\/www.rocasrojas.com\/wp-content\/uploads\/2021\/09\/MG_8065web-1024x683.jpg\" alt=\"\" class=\"wp-image-645\" width=\"361\" height=\"241\" srcset=\"https:\/\/www.rocasrojas.com\/wp-content\/uploads\/2021\/09\/MG_8065web-1024x683.jpg 1024w, https:\/\/www.rocasrojas.com\/wp-content\/uploads\/2021\/09\/MG_8065web-300x200.jpg 300w, https:\/\/www.rocasrojas.com\/wp-content\/uploads\/2021\/09\/MG_8065web-768x512.jpg 768w\" sizes=\"auto, (max-width: 361px) 85vw, 361px\" \/><\/figure><\/div>\n\n\n\n<p>Vinterhalv\u00e5ret \u00e4r \u00e4ven det en bra tid att bes\u00f6ka Gran Canaria. Soligt, 20-25 grader varmt och 18-21 grader i havet. M\u00e5nga nordbor \u00f6vervintrar h\u00e4r \u00e5r efter \u00e5r. V\u00e5ra pooler \u00e4r uppv\u00e4rmda till badbar temperatur! <\/p>\n\n\n\n<p>Alla restauranger och barer \u00e4r \u00f6ppna och kulturlivet frodas. <\/p>\n\n\n\n<h3 class=\"wp-block-heading\">Karta \u00f6ver omr\u00e5det<\/h3>\n\n\n\n<figure class=\"wp-block-image\"><img loading=\"lazy\" decoding=\"async\" width=\"1024\" height=\"725\" src=\"https:\/\/www.rocasrojas.com\/wp-content\/uploads\/2021\/09\/new_map-1024x725.jpg\" alt=\"\" class=\"wp-image-899\" srcset=\"https:\/\/www.rocasrojas.com\/wp-content\/uploads\/2021\/09\/new_map-1024x725.jpg 1024w, https:\/\/www.rocasrojas.com\/wp-content\/uploads\/2021\/09\/new_map-300x212.jpg 300w, https:\/\/www.rocasrojas.com\/wp-content\/uploads\/2021\/09\/new_map-768x544.jpg 768w, https:\/\/www.rocasrojas.com\/wp-content\/uploads\/2021\/09\/new_map-1200x850.jpg 1200w\" sizes=\"auto, (max-width: 709px) 85vw, (max-width: 909px) 67vw, (max-width: 1362px) 62vw, 840px\" \/><figcaption>Rocas Rojas och stranden<\/figcaption><\/figure>\n\n\n\n<p><a href=\"https:\/\/www.rocasrojas.com\/wp-content\/uploads\/2021\/09\/new_map.jpg\" target=\"_blank\" rel=\"noreferrer noopener\" aria-label=\"Ladda ned kartan (opens in a new tab)\">Ladda ned kartan<\/a><\/p>\n","protected":false},"excerpt":{"rendered":"<p>Samf\u00e4lligheten Rocas Rojas \u00e4r en bungalowanl\u00e4ggning med 393 l\u00e4genheter i sj\u00e4lvhush\u00e5ll som ligger i San Agustin p\u00e5 s\u00f6dra delen av Gran Canaria. V\u00e5ra bungalows best\u00e5r av en eller tv\u00e5 l\u00e4genheter i varje hus.I anslutning till l\u00e4genheterna finns det flera uppv\u00e4rmda pooler och barnpooler. Omr\u00e5det har utsikt \u00f6ver San Agustin och Atlanten och ligger i ett &hellip; <a href=\"https:\/\/www.rocasrojas.com\/index.php\/area\/\" class=\"more-link\">Continue reading<span class=\"screen-reader-text\"> &#8220;Omr\u00e5det&#8221;<\/span><\/a><\/p>\n","protected":false},"author":1,"featured_media":0,"parent":0,"menu_order":0,"comment_status":"closed","ping_status":"open","template":"","meta":{"footnotes":""},"class_list":["post-221","page","type-page","status-publish","hentry"],"_links":{"self":[{"href":"https:\/\/www.rocasrojas.com\/index.php\/wp-json\/wp\/v2\/pages\/221","targetHints":{"allow":["GET"]}}],"collection":[{"href":"https:\/\/www.rocasrojas.com\/index.php\/wp-json\/wp\/v2\/pages"}],"about":[{"href":"https:\/\/www.rocasrojas.com\/index.php\/wp-json\/wp\/v2\/types\/page"}],"author":[{"embeddable":true,"href":"https:\/\/www.rocasrojas.com\/index.php\/wp-json\/wp\/v2\/users\/1"}],"replies":[{"embeddable":true,"href":"https:\/\/www.rocasrojas.com\/index.php\/wp-json\/wp\/v2\/comments?post=221"}],"version-history":[{"count":26,"href":"https:\/\/www.rocasrojas.com\/index.php\/wp-json\/wp\/v2\/pages\/221\/revisions"}],"predecessor-version":[{"id":934,"href":"https:\/\/www.rocasrojas.com\/index.php\/wp-json\/wp\/v2\/pages\/221\/revisions\/934"}],"wp:attachment":[{"href":"https:\/\/www.rocasrojas.com\/index.php\/wp-json\/wp\/v2\/media?parent=221"}],"curies":[{"name":"wp","href":"https:\/\/api.w.org\/{rel}","templated":true}]}}